{"id":20991,"date":"2024-11-28T21:13:02","date_gmt":"2024-11-29T00:13:02","guid":{"rendered":"https:\/\/kadukao.com.br\/pet-shop\/?post_type=product&#038;p=20991"},"modified":"2024-11-29T10:20:17","modified_gmt":"2024-11-29T13:20:17","slug":"suplemento-vitaminico-laviz-m-o-pet-30-gr-lavizoo","status":"publish","type":"product","link":"https:\/\/kadukao.com.br\/pet-shop\/produto\/suplemento-vitaminico-laviz-m-o-pet-30-gr-lavizoo\/","title":{"rendered":"Suplemento vitaminico laviz M.O. Pet 30 gr Lavizoo"},"content":{"rendered":"<h2 class=\"sc-dcJsrY iVJGKX\" data-testid=\"product-detail-label\">Informa\u00e7\u00f5es do Produto<\/h2>\n<p><span class=\"sc-dcJsrY jZKEso\" data-testid=\"product-detail-title\">suplemento vitaminico laviz M.O. Pet 30 gr Lavizoo<\/span><\/p>\n<div class=\"sc-iGgWBj jEOEJZ sc-jFmjhJ dNtDVB\" data-testid=\"product-detail-description\">\n<div class=\"sc-iGgWBj eWtIHQ sc-gmUfan juzvxF\" data-testid=\"rich-content-container\">Suplemento vitaminico Laviz M. O. Pet 1 UNIDADE 30 gr Linha Pet \/ Suplementos Laviz M.O. Pet Suplemento para c\u00e3es e gatos de uso oral na forma de gel palat\u00e1vel com amino\u00e1cidos,vitaminas e minerais. Indicado para as fases de gesta\u00e7\u00e3o, lacta\u00e7\u00e3o, crescimento e senil. Apresenta\u00e7\u00e3o 2 UNIDADES com uma seringa dosadora cada caixa contendo 30 gr. total 60 GR Laviz mo pet 30gr &#8211; lavizoo suplemento c\u00e3es e gatos C\u00f3digo Indica\u00e7\u00e3o Indicado para as fases de gesta\u00e7\u00e3o, lacta\u00e7\u00e3o, crescimento e senil.Descri\u00e7\u00e3o Suplemento para c\u00e3es e gatos de uso oral na forma de gel palat\u00e1vel com amino\u00e1cidos, vitaminas e minerais. Modificador Org\u00e2nico na forma de pasta para c\u00e3es e gatos, apresenta alto teor cal\u00f3rico e nutrientes em alt\u00edssimas concentra\u00e7\u00f5es, elementos perfeitamente balanceados que atuam no equil\u00edbrio do stress metab\u00f3lico org\u00e2nico proporcionando uma reposi\u00e7\u00e3o r\u00e1pida dos nutrientes necess\u00e1rios. Cont\u00e9m Macro e Micro minerais, Vitaminas e Amino\u00e1cidos isolados e prontamente assimil\u00e1veis.F\u00f3rmula \u00c1cido Asp\u00e1rtico (M\u00ednimo)&#8230;&#8230;&#8230;&#8230;&#8230;&#8230;.4.770 mg \u00c1cido F\u00f3lico (M\u00ednimo)&#8230;&#8230;&#8230;&#8230;&#8230;&#8230;&#8230;&#8230;&#8230;220 mg \u00c1cido Glut\u00e2mico (M\u00ednimo)&#8230;&#8230;&#8230;&#8230;&#8230;&#8230;6.480 mg \u00c1cido Nicot\u00ednico (M\u00ednimo)&#8230;&#8230;&#8230;&#8230;&#8230;&#8230;&#8230;660 mg Alanina (M\u00ednimo)&#8230;&#8230;&#8230;&#8230;&#8230;&#8230;&#8230;&#8230;&#8230;&#8230;..9.450 mg Arginina (M\u00ednimo)&#8230;&#8230;&#8230;&#8230;&#8230;&#8230;&#8230;&#8230;&#8230;&#8230;.7.110 mg Biotina (M\u00ednimo)&#8230;&#8230;&#8230;&#8230;&#8230;&#8230;&#8230;&#8230;&#8230;&#8230;&#8230;&#8230;.1,2 mg C\u00e1lcio (M\u00edn\/M\u00e1x)&#8230;&#8230;&#8230;&#8230;&#8230;&#8230;&#8230;&#8230;&#8230;&#8230;&#8230;..55\/60 g Cobalto (M\u00ednimo)&#8230;&#8230;&#8230;&#8230;&#8230;&#8230;&#8230;&#8230;&#8230;&#8230;..14,70 mg Cobre Quelatado (M\u00ednimo)&#8230;&#8230;&#8230;&#8230;&#8230;&#8230;.7,50 mg Colina (M\u00ednimo)&#8230;&#8230;&#8230;&#8230;&#8230;&#8230;&#8230;&#8230;&#8230;&#8230;&#8230;.2.475 mg Cromo (M\u00ednimo)&#8230;&#8230;&#8230;&#8230;&#8230;&#8230;&#8230;&#8230;&#8230;&#8230;&#8230;&#8230;&#8230;..1 mg DL-Metionina (M\u00ednimo)&#8230;&#8230;&#8230;&#8230;&#8230;&#8230;&#8230;&#8230;..26,39 g Enxofre&#8230;&#8230;&#8230;&#8230;&#8230;&#8230;&#8230;&#8230;&#8230;&#8230;&#8230;&#8230;&#8230;&#8230;&#8230;&#8230;..500 mg Fenilalanina (M\u00ednimo) &#8230;&#8230;&#8230;&#8230;&#8230;&#8230;&#8230;&#8230;1.620 mg Ferro quelatado (M\u00ednimo)&#8230;&#8230;&#8230;&#8230;&#8230;&#8230;&#8230;576 mg Fl\u00faor (M\u00e1ximo)&#8230;&#8230;&#8230;&#8230;&#8230;&#8230;&#8230;&#8230;&#8230;&#8230;&#8230;&#8230;..100 mg F\u00f3sforo (M\u00ednimo)&#8230;&#8230;&#8230;&#8230;&#8230;&#8230;&#8230;&#8230;&#8230;&#8230;&#8230;&#8230;&#8230;.44 g Glicina (M\u00ednimo)&#8230;&#8230;&#8230;&#8230;&#8230;&#8230;&#8230;&#8230;&#8230;&#8230;&#8230;&#8230;15,03 g Hidroxiprolina (M\u00ednimo)&#8230;&#8230;&#8230;&#8230;&#8230;&#8230;&#8230;&#8230;.14,85 g Histidina (M\u00ednimo)&#8230;&#8230;&#8230;&#8230;&#8230;&#8230;&#8230;&#8230;&#8230;&#8230;&#8230;540 mg Iodo (M\u00ednimo)&#8230;&#8230;&#8230;&#8230;&#8230;&#8230;&#8230;&#8230;&#8230;&#8230;&#8230;&#8230;&#8230;.130 mg Isoleucina (M\u00ednimo)&#8230;&#8230;&#8230;&#8230;&#8230;&#8230;&#8230;&#8230;&#8230;.1.328 mg L-Carnitina (M\u00ednimo)&#8230;&#8230;&#8230;&#8230;&#8230;&#8230;&#8230;&#8230;&#8230;&#8230;&#8230;.11 g L-Lisina (M\u00ednimo)&#8230;&#8230;&#8230;&#8230;&#8230;&#8230;&#8230;&#8230;&#8230;&#8230;&#8230;&#8230;&#8230;35 g Leucina (M\u00ednimo)&#8230;&#8230;&#8230;&#8230;&#8230;&#8230;&#8230;&#8230;&#8230;&#8230;.2.340 mg Magn\u00e9sio (M\u00ednimo)&#8230;&#8230;&#8230;&#8230;&#8230;&#8230;&#8230;&#8230;&#8230;&#8230;.702 mg Mangan\u00eas (M\u00ednimo)&#8230;&#8230;&#8230;&#8230;&#8230;&#8230;&#8230;&#8230;.331,70 mg Pantotenato de C\u00e1lcio (M\u00ednimo)&#8230;&#8230;&#8230;..550 mg Prolina (M\u00ednimo)&#8230;&#8230;&#8230;&#8230;&#8230;&#8230;&#8230;&#8230;&#8230;&#8230;&#8230;..11,70 g Sel\u00eanio (M\u00ednimo)&#8230;&#8230;&#8230;&#8230;&#8230;&#8230;&#8230;&#8230;&#8230;&#8230;&#8230;&#8230;..9 mg Serina (M\u00ednimo)&#8230;&#8230;&#8230;&#8230;&#8230;&#8230;&#8230;&#8230;&#8230;&#8230;..1.440 mg S\u00f3dio (M\u00ednimo)&#8230;&#8230;&#8230;&#8230;&#8230;&#8230;&#8230;&#8230;&#8230;&#8230;..950,40 mg Tirosina (M\u00ednimo)&#8230;&#8230;&#8230;&#8230;&#8230;&#8230;&#8230;&#8230;&#8230;&#8230;&#8230;.360 mg Treonina (M\u00ednimo)&#8230;&#8230;&#8230;&#8230;&#8230;&#8230;&#8230;&#8230;&#8230;&#8230;..900 mg Triptofano (M\u00ednimo)&#8230;&#8230;&#8230;&#8230;&#8230;&#8230;&#8230;&#8230;&#8230;1.206 mg Valina (M\u00ednimo)&#8230;&#8230;&#8230;&#8230;&#8230;&#8230;&#8230;&#8230;&#8230;&#8230;&#8230;1.710 mg Vitamina A (M\u00ednimo)&#8230;&#8230;&#8230;&#8230;&#8230;&#8230;..4.400.000 UI Vitamina B1 (M\u00ednimo)&#8230;&#8230;&#8230;&#8230;&#8230;&#8230;&#8230;&#8230;&#8230;440 mg Vitamina B12 (M\u00ednimo)&#8230;&#8230;&#8230;&#8230;&#8230;&#8230;..5.000 mcg Vitamina B2 (M\u00ednimo)&#8230;&#8230;&#8230;&#8230;&#8230;&#8230;&#8230;&#8230;&#8230;280 mg Vitamina B6 (M\u00ednimo)&#8230;&#8230;&#8230;&#8230;&#8230;&#8230;&#8230;.224,10 mg Vitamina C (M\u00ednimo)&#8230;&#8230;&#8230;&#8230;&#8230;&#8230;&#8230;&#8230;..5.500 mg Vitamina D3 (M\u00ednimo)&#8230;&#8230;&#8230;&#8230;&#8230;&#8230;&#8230;250.000 UI Vitamina E (M\u00ednimo)&#8230;&#8230;&#8230;&#8230;&#8230;&#8230;&#8230;&#8230;&#8230;5.632 UI Zinco (M\u00ednimo)&#8230;&#8230;&#8230;&#8230;&#8230;&#8230;&#8230;&#8230;&#8230;&#8230;&#8230;.1.750 mg Ve\u00edculo q.s.p&#8230;&#8230;&#8230;&#8230;&#8230;&#8230;&#8230;&#8230;&#8230;&#8230;&#8230;&#8230;..1.000 mLModo de usar Administrar por via oral.C\u00e3es e gatos: At\u00e9 10kg de peso: 1g\/dia; De 10 a 20kg de peso: 2g\/dia; Acima de 20kg: 3g\/dia.<\/div>\n<\/div>\n","protected":false},"excerpt":{"rendered":"<p>Informa\u00e7\u00f5es do Produto suplemento vitaminico laviz M.O. Pet 30 gr Lavizoo Suplemento vitaminico Laviz M. O. Pet 1 UNIDADE 30 gr Linha Pet \/ Suplementos Laviz M.O. Pet Suplemento para c\u00e3es e gatos de uso oral na forma de gel palat\u00e1vel com amino\u00e1cidos,vitaminas e minerais. Indicado para as fases de gesta\u00e7\u00e3o, lacta\u00e7\u00e3o, crescimento e senil. [&hellip;]<\/p>\n","protected":false},"featured_media":20992,"comment_status":"open","ping_status":"closed","template":"","meta":[],"product_cat":[15],"product_tag":[],"class_list":{"0":"post-20991","1":"product","2":"type-product","3":"status-publish","4":"has-post-thumbnail","6":"product_cat-farmacia","9":"first","10":"instock","11":"shipping-taxable","12":"purchasable","13":"product-type-simple"},"_links":{"self":[{"href":"https:\/\/kadukao.com.br\/pet-shop\/wp-json\/wp\/v2\/product\/20991","targetHints":{"allow":["GET"]}}],"collection":[{"href":"https:\/\/kadukao.com.br\/pet-shop\/wp-json\/wp\/v2\/product"}],"about":[{"href":"https:\/\/kadukao.com.br\/pet-shop\/wp-json\/wp\/v2\/types\/product"}],"replies":[{"embeddable":true,"href":"https:\/\/kadukao.com.br\/pet-shop\/wp-json\/wp\/v2\/comments?post=20991"}],"wp:featuredmedia":[{"embeddable":true,"href":"https:\/\/kadukao.com.br\/pet-shop\/wp-json\/wp\/v2\/media\/20992"}],"wp:attachment":[{"href":"https:\/\/kadukao.com.br\/pet-shop\/wp-json\/wp\/v2\/media?parent=20991"}],"wp:term":[{"taxonomy":"product_cat","embeddable":true,"href":"https:\/\/kadukao.com.br\/pet-shop\/wp-json\/wp\/v2\/product_cat?post=20991"},{"taxonomy":"product_tag","embeddable":true,"href":"https:\/\/kadukao.com.br\/pet-shop\/wp-json\/wp\/v2\/product_tag?post=20991"}],"curies":[{"name":"wp","href":"https:\/\/api.w.org\/{rel}","templated":true}]}}