{"id":20989,"date":"2024-11-28T20:58:30","date_gmt":"2024-11-28T23:58:30","guid":{"rendered":"https:\/\/kadukao.com.br\/pet-shop\/?post_type=product&#038;p=20989"},"modified":"2024-11-28T21:05:38","modified_gmt":"2024-11-29T00:05:38","slug":"omega-369-pet-lavizoo-suplemento-p-queda-de-pelo-caes-gatos","status":"publish","type":"product","link":"https:\/\/kadukao.com.br\/pet-shop\/produto\/omega-369-pet-lavizoo-suplemento-p-queda-de-pelo-caes-gatos\/","title":{"rendered":"Omega 369 Pet Lavizoo Suplemento P\/ Queda De Pelo C\u00e3es Gatos"},"content":{"rendered":"<h2 class=\"sc-dcJsrY iVJGKX\" data-testid=\"product-detail-label\">Informa\u00e7\u00f5es do Produto<\/h2>\n<p><span class=\"sc-dcJsrY jZKEso\" data-testid=\"product-detail-title\">Suplemento para Queda de Pelo C\u00e3es e Gatos Omega 369 Pet 30g Lavizoo<\/span><\/p>\n<div class=\"sc-iGgWBj jEOEJZ sc-jFmjhJ dNtDVB\" data-testid=\"product-detail-description\">\n<div class=\"sc-iGgWBj eWtIHQ sc-gmUfan juzvxF\" data-testid=\"rich-content-container\">\n<p>Sa\u00fade e cuidado para a pele e pelagem de c\u00e3es e gatos com \u00d4mega 369 Pet Lavizoo.<\/p>\n<p>Combina\u00e7\u00e3o de \u00e1cidos graxos essenciais, vitaminas e minerais indicado para c\u00e3es e gatos.<\/p>\n<p>MODO DE USO:<\/p>\n<p>Administrar por via oral: c\u00e3es e gatos: at\u00e9 10kg de peso: 1 g\/dia; de 11 a 20kg de peso: 2g\/dia; de 21 e 30kg de peso: 3g\/dia.<\/p>\n<p>APRESENTA\u00c7\u00c3O:<\/p>\n<p>Seringa dosadora contendo 30g.<\/p>\n<\/div>\n<\/div>\n","protected":false},"excerpt":{"rendered":"<p>Informa\u00e7\u00f5es do Produto Suplemento para Queda de Pelo C\u00e3es e Gatos Omega 369 Pet 30g Lavizoo Sa\u00fade e cuidado para a pele e pelagem de c\u00e3es e gatos com \u00d4mega 369 Pet Lavizoo. Combina\u00e7\u00e3o de \u00e1cidos graxos essenciais, vitaminas e minerais indicado para c\u00e3es e gatos. MODO DE USO: Administrar por via oral: c\u00e3es e [&hellip;]<\/p>\n","protected":false},"featured_media":20990,"comment_status":"open","ping_status":"closed","template":"","meta":[],"product_cat":[15],"product_tag":[],"class_list":{"0":"post-20989","1":"product","2":"type-product","3":"status-publish","4":"has-post-thumbnail","6":"product_cat-farmacia","9":"first","10":"instock","11":"shipping-taxable","12":"purchasable","13":"product-type-simple"},"_links":{"self":[{"href":"https:\/\/kadukao.com.br\/pet-shop\/wp-json\/wp\/v2\/product\/20989","targetHints":{"allow":["GET"]}}],"collection":[{"href":"https:\/\/kadukao.com.br\/pet-shop\/wp-json\/wp\/v2\/product"}],"about":[{"href":"https:\/\/kadukao.com.br\/pet-shop\/wp-json\/wp\/v2\/types\/product"}],"replies":[{"embeddable":true,"href":"https:\/\/kadukao.com.br\/pet-shop\/wp-json\/wp\/v2\/comments?post=20989"}],"wp:featuredmedia":[{"embeddable":true,"href":"https:\/\/kadukao.com.br\/pet-shop\/wp-json\/wp\/v2\/media\/20990"}],"wp:attachment":[{"href":"https:\/\/kadukao.com.br\/pet-shop\/wp-json\/wp\/v2\/media?parent=20989"}],"wp:term":[{"taxonomy":"product_cat","embeddable":true,"href":"https:\/\/kadukao.com.br\/pet-shop\/wp-json\/wp\/v2\/product_cat?post=20989"},{"taxonomy":"product_tag","embeddable":true,"href":"https:\/\/kadukao.com.br\/pet-shop\/wp-json\/wp\/v2\/product_tag?post=20989"}],"curies":[{"name":"wp","href":"https:\/\/api.w.org\/{rel}","templated":true}]}}