{"id":20979,"date":"2024-11-28T09:47:26","date_gmt":"2024-11-28T12:47:26","guid":{"rendered":"https:\/\/kadukao.com.br\/pet-shop\/?post_type=product&#038;p=20979"},"modified":"2024-11-28T21:07:58","modified_gmt":"2024-11-29T00:07:58","slug":"suplemento-alimentar-lavizoo-fortplex-pet-para-caes-e-gatos","status":"publish","type":"product","link":"https:\/\/kadukao.com.br\/pet-shop\/produto\/suplemento-alimentar-lavizoo-fortplex-pet-para-caes-e-gatos\/","title":{"rendered":"Suplemento Alimentar Lavizoo Fortplex Pet para C\u00e3es e Gatos"},"content":{"rendered":"<section id=\"description\" class=\"description\">\n<div class=\"container\">\n<h2 class=\"section-title\">Descri\u00e7\u00e3o<\/h2>\n<div class=\"spec-content\">\n<p>&#8211; Indicado para c\u00e3es e gatos;<br \/>\n&#8211; Suplemento nutricional de pronto uso na forma de comprimido;<br \/>\n&#8211; Cont\u00e9m sulfato de condroitina e glucosamina;<br \/>\n&#8211; Produto destinado \u00e0 c\u00e3es e gatos em todas as fases de vida;<br \/>\n&#8211; Dispon\u00edvel em embalagens com 30g e 60g.<\/p>\n<p>&nbsp;<\/p>\n<p>&nbsp;<\/p>\n<\/div>\n<\/div>\n<\/section>\n<section id=\"specifications\">\n<div class=\"container\">\n<h2 class=\"section-title\">Especifica\u00e7\u00f5es<\/h2>\n<ul>\n<li class=\"specifications \"><span class=\"spec-key\">Idade<\/span><span class=\"spec-value\">S\u00eanior, Adulto e Filhote<\/span><\/li>\n<li class=\"specifications \"><span class=\"spec-key\">Pet<\/span><span class=\"spec-value\">Gatos e Cachorros<\/span><\/li>\n<li class=\"specifications \"><span class=\"spec-key\">Porte de Ra\u00e7a<\/span><span class=\"spec-value\">Grande, Mini, M\u00e9dio, Pequeno e Gigante<\/span><\/li>\n<li class=\"specifications \"><span class=\"spec-key\">Uso<\/span><span class=\"spec-value\">Oral<\/span><\/li>\n<li class=\"specifications \"><span class=\"spec-key\">Tipo<\/span><span class=\"spec-value\">Suplemento alimentar para c\u00e3es e gatos<\/span><\/li>\n<li class=\"specifications \"><span class=\"spec-key\">Apresenta\u00e7\u00e3o<\/span>Dispon\u00edvel em embalagens com 30g e 60g<\/li>\n<li class=\"specifications specifications-table\"><span class=\"spec-key\">Quantidade Di\u00e1ria Recomendada<\/span>Administrar 1 grama\/dia (1 comprimido) para cada 20kg de peso<\/li>\n<li class=\"specifications specifications-table\"><span class=\"spec-key\">Indica\u00e7\u00e3o<\/span><span class=\"spec-value\">Indicado para combater dores articulares e preven\u00e7\u00e3o de patologias<\/span><\/li>\n<li class=\"specifications specifications-table\"><span class=\"spec-key\">N\u00edveis de Garantia<\/span>N\u00edveis de garantia por kilograma do produto Garantia Valor Unidade Sulfato de condroitina 244,40 g Sulfato de glicosamina (m\u00ednimo) 357,10 g Vitamina C (m\u00ednimo) 1.230 mg Excipiente q.s.p 1.000 g<\/li>\n<li class=\"specifications specifications-table\"><span class=\"spec-key\">Composi\u00e7\u00e3o<\/span>Amido de milho, hidrolisado de f\u00edgado su\u00edno, celulose microcristalina, cloreto de s\u00f3dio, di\u00f3xido de sil\u00edcio, estearato de magn\u00e9sio, fosfato bic\u00e1lcico, polivinilpirrolidona, silicato de magn\u00e9sio, sulfato de condroitina, sulfato de glicosamina, sulfato de mangan\u00eas, vitamina C<\/li>\n<\/ul>\n<\/div>\n<\/section>\n","protected":false},"excerpt":{"rendered":"<p>Descri\u00e7\u00e3o &#8211; Indicado para c\u00e3es e gatos; &#8211; Suplemento nutricional de pronto uso na forma de comprimido; &#8211; Cont\u00e9m sulfato de condroitina e glucosamina; &#8211; Produto destinado \u00e0 c\u00e3es e gatos em todas as fases de vida; &#8211; Dispon\u00edvel em embalagens com 30g e 60g. &nbsp; &nbsp; Especifica\u00e7\u00f5es IdadeS\u00eanior, Adulto e Filhote PetGatos e Cachorros [&hellip;]<\/p>\n","protected":false},"featured_media":20980,"comment_status":"open","ping_status":"closed","template":"","meta":[],"product_cat":[15],"product_tag":[],"class_list":{"0":"post-20979","1":"product","2":"type-product","3":"status-publish","4":"has-post-thumbnail","6":"product_cat-farmacia","9":"first","10":"instock","11":"shipping-taxable","12":"purchasable","13":"product-type-simple"},"_links":{"self":[{"href":"https:\/\/kadukao.com.br\/pet-shop\/wp-json\/wp\/v2\/product\/20979","targetHints":{"allow":["GET"]}}],"collection":[{"href":"https:\/\/kadukao.com.br\/pet-shop\/wp-json\/wp\/v2\/product"}],"about":[{"href":"https:\/\/kadukao.com.br\/pet-shop\/wp-json\/wp\/v2\/types\/product"}],"replies":[{"embeddable":true,"href":"https:\/\/kadukao.com.br\/pet-shop\/wp-json\/wp\/v2\/comments?post=20979"}],"wp:featuredmedia":[{"embeddable":true,"href":"https:\/\/kadukao.com.br\/pet-shop\/wp-json\/wp\/v2\/media\/20980"}],"wp:attachment":[{"href":"https:\/\/kadukao.com.br\/pet-shop\/wp-json\/wp\/v2\/media?parent=20979"}],"wp:term":[{"taxonomy":"product_cat","embeddable":true,"href":"https:\/\/kadukao.com.br\/pet-shop\/wp-json\/wp\/v2\/product_cat?post=20979"},{"taxonomy":"product_tag","embeddable":true,"href":"https:\/\/kadukao.com.br\/pet-shop\/wp-json\/wp\/v2\/product_tag?post=20979"}],"curies":[{"name":"wp","href":"https:\/\/api.w.org\/{rel}","templated":true}]}}